{"id":679,"date":"2020-10-07T06:57:03","date_gmt":"2020-10-07T06:57:03","guid":{"rendered":"https:\/\/szepsegesvarandossag.hu\/?page_id=679"},"modified":"2022-07-19T14:55:11","modified_gmt":"2022-07-19T14:55:11","slug":"koszonet-nyilvanitas","status":"publish","type":"page","link":"https:\/\/szepsegesvarandossag.hu\/?page_id=679","title":{"rendered":"K\u00d6SZ\u00d6NET NYILV\u00c1N\u00cdT\u00c1S"},"content":{"rendered":"\n<p class=\"has-text-align-center has-light-gray-background-color has-background\">A Sz\u00e9ps\u00e9ges V\u00e1rand\u00f3ss\u00e1g Konferenci\u00e1k az \u00faj \u00e9letet \u00e9s a j\u00f6v\u0151t helyezik k\u00f6z\u00e9ppontba a fiatal csal\u00e1dok inform\u00e1ci\u00f3kkal t\u00f6rt\u00e9n\u0151 t\u00e1mogat\u00e1sa r\u00e9v\u00e9n. L\u00e9trej\u00f6tt\u00fckh\u00f6z sokan j\u00e1rultak hozz\u00e1, akik mind \u00fagy gondolj\u00e1k, hogy a kezd\u0151d\u0151 \u00e9letek igen fontosak biztos j\u00f6v\u0151nk sz\u00e1m\u00e1ra. Sokan gondolj\u00e1k ezt \u00edgy, de azok k\u00fcl\u00f6nlegesek, akik tesznek is \u00e9rte. <\/p>\n\n\n\n<p class=\"has-text-align-center has-light-gray-background-color has-background\">A 2020. m\u00e1rciusa \u00f3ta fenn\u00e1ll\u00f3 koronav\u00edrus j\u00e1rv\u00e1ny nagyon neh\u00e9z helyzetet teremt a bab\u00e1kat v\u00e1r\u00f3, kisgyermekeket gondoz\u00f3 csal\u00e1dok sz\u00e1m\u00e1ra is. Probl\u00e9m\u00e1t okozhat az eg\u00e9szs\u00e9g\u00fcgyi ell\u00e1t\u00e1s eddig megszokott m\u00f3don t\u00f6rt\u00e9n\u0151 el\u00e9r\u00e9se, az ell\u00e1t\u00e1sban dolgoz\u00f3k t\u00falterhelts\u00e9ggel k\u00fcszk\u00f6dnek. E k\u00f6r\u00fclm\u00e9nyek k\u00f6z\u00f6tt rem\u00e9lj\u00fck, sok seg\u00edts\u00e9get ny\u00fajthatunk a webkonferencia oldalunkon tal\u00e1lhat\u00f3 el\u0151ad\u00e1sokkal, inform\u00e1ci\u00f3kkal.    <\/p>\n\n\n\n<p class=\"has-text-align-center\"><strong>K\u00f6sz\u00f6netet szeretn\u00e9nk mondani mindenkinek, akik seg\u00edtettek minket a Sz\u00e9ps\u00e9ges V\u00e1rand\u00f3ss\u00e1g  Konferenci\u00e1k \u00e9letre kelt\u00e9s\u00e9ben:<\/strong><\/p>\n\n\n\n<p class=\"has-light-gray-background-color has-background\">K\u00f6sz\u00f6net f\u0151t\u00e1mogat\u00f3nknak!       <strong>Minisztereln\u00f6ks\u00e9g<\/strong><\/p>\n\n\n\n<p class=\"has-light-gray-background-color has-background\">K\u00f6sz\u00f6net f\u0151v\u00e9dn\u00f6k\u00fcnknek!         <strong>Magyar Eg\u00e9szs\u00e9g\u00fcgyi Szakdolgoz\u00f3i Kamara<\/strong><\/p>\n\n\n\n<p class=\"has-light-gray-background-color has-background\">K\u00f6sz\u00f6net el\u0151ad\u00f3inknak!               <strong>Dr. Balogh Zolt\u00e1n, Dr. Melczer Zsolt, Antal Emese, Dr. Andrek Andrea, Dr. Szl\u00e1vik J\u00e1nos, Sipk\u00f3 Gabriella, Dr. Csitos \u00c1gnes, Dr. Karoliny Anna<\/strong> <strong>\u00e9s Dr. Simon L\u00e1szl\u00f3<\/strong>, <strong>S\u00e1ndorn\u00e9 Men\u00e1rtovics Zsuzsanna, Dr. Hirsch Anik\u00f3, Tom\u00e1n\u00e9 M\u00e9sz\u00e1ros Andrea, Dr. Dobner Sarolta<\/strong>, <strong>Csetneki Julianna, Prof. Dr. T\u00f6r\u00f6k Mikl\u00f3s, Dr. \u00c1d\u00e1m Zsolt, Dr. Di\u00f3 Mih\u00e1ly<\/strong><\/p>\n\n\n\n<p class=\"has-light-gray-background-color has-background\"><strong>K\u00f6sz\u00f6net a v\u00e9d\u0151n\u0151knek, a sz\u00fcl\u00e9szn\u0151knek! <\/strong><\/p>\n\n\n\n<div class=\"wp-block-image is-style-default\"><figure class=\"aligncenter size-large is-resized\"><img loading=\"lazy\" src=\"https:\/\/szepsegesvarandossag.hu\/wp-content\/uploads\/2020\/10\/Koszonjuk-1.jpg\" alt=\"\" class=\"wp-image-693\" width=\"326\" height=\"347\" srcset=\"https:\/\/szepsegesvarandossag.hu\/wp-content\/uploads\/2020\/10\/Koszonjuk-1.jpg 438w, https:\/\/szepsegesvarandossag.hu\/wp-content\/uploads\/2020\/10\/Koszonjuk-1-282x300.jpg 282w\" sizes=\"(max-width: 326px) 100vw, 326px\" \/><\/figure><\/div>\n","protected":false},"excerpt":{"rendered":"<p>A Sz\u00e9ps\u00e9ges V\u00e1rand\u00f3ss\u00e1g Konferenci\u00e1k az \u00faj \u00e9letet \u00e9s a j\u00f6v\u0151t helyezik k\u00f6z\u00e9ppontba a fiatal csal\u00e1dok inform\u00e1ci\u00f3kkal t\u00f6rt\u00e9n\u0151 t\u00e1mogat\u00e1sa r\u00e9v\u00e9n. L\u00e9trej\u00f6tt\u00fckh\u00f6z sokan j\u00e1rultak hozz\u00e1, akik mind \u00fagy gondolj\u00e1k, hogy a kezd\u0151d\u0151 \u00e9letek igen fontosak biztos j\u00f6v\u0151nk sz\u00e1m\u00e1ra. Sokan gondolj\u00e1k ezt \u00edgy, &hellip; <a href=\"https:\/\/szepsegesvarandossag.hu\/?page_id=679\">Egy kattint\u00e1s ide a folytat\u00e1shoz&#8230;. <span class=\"meta-nav\">&rarr;<\/span><\/a><\/p>\n","protected":false},"author":1,"featured_media":0,"parent":0,"menu_order":0,"comment_status":"closed","ping_status":"closed","template":"","meta":[],"_links":{"self":[{"href":"https:\/\/szepsegesvarandossag.hu\/index.php?rest_route=\/wp\/v2\/pages\/679"}],"collection":[{"href":"https:\/\/szepsegesvarandossag.hu\/index.php?rest_route=\/wp\/v2\/pages"}],"about":[{"href":"https:\/\/szepsegesvarandossag.hu\/index.php?rest_route=\/wp\/v2\/types\/page"}],"author":[{"embeddable":true,"href":"https:\/\/szepsegesvarandossag.hu\/index.php?rest_route=\/wp\/v2\/users\/1"}],"replies":[{"embeddable":true,"href":"https:\/\/szepsegesvarandossag.hu\/index.php?rest_route=%2Fwp%2Fv2%2Fcomments&post=679"}],"version-history":[{"count":26,"href":"https:\/\/szepsegesvarandossag.hu\/index.php?rest_route=\/wp\/v2\/pages\/679\/revisions"}],"predecessor-version":[{"id":1917,"href":"https:\/\/szepsegesvarandossag.hu\/index.php?rest_route=\/wp\/v2\/pages\/679\/revisions\/1917"}],"wp:attachment":[{"href":"https:\/\/szepsegesvarandossag.hu\/index.php?rest_route=%2Fwp%2Fv2%2Fmedia&parent=679"}],"curies":[{"name":"wp","href":"https:\/\/api.w.org\/{rel}","templated":true}]}}