{"id":479,"date":"2020-10-05T11:06:37","date_gmt":"2020-10-05T11:06:37","guid":{"rendered":"https:\/\/szepsegesvarandossag.hu\/?page_id=479"},"modified":"2020-10-31T11:06:55","modified_gmt":"2020-10-31T11:06:55","slug":"szep-tortenetek","status":"publish","type":"page","link":"https:\/\/szepsegesvarandossag.hu\/?page_id=479","title":{"rendered":"Sz\u00e9p t\u00f6rt\u00e9netek"},"content":{"rendered":"\n<p><strong>Kedves Kismama! Kedves Fiatal Csal\u00e1d!<\/strong><\/p>\n\n\n\n<p>A csal\u00e1di \u00e9let igen sok \u00f6r\u00f6met, boldogs\u00e1got, \u00e9s van, amikor tanuls\u00e1got is tud ny\u00fajtani. K\u00e9rj\u00fck, ha vannak olyan t\u00f6rt\u00e9neteik, amelyeket sz\u00edvesen megosztan\u00e1nak m\u00e1sokkal, k\u00fcldj\u00e9k be nek\u00fcnk egy jelig\u00e9vel az info@azeletminosegert.hu c\u00edmre, \u00e9s feltessz\u00fck erre az oldalra. A t\u00f6rt\u00e9netek hossza ne legyen t\u00f6bb mint ami elf\u00e9r egy A4 m\u00e9ret\u0171 oldalon 14-es bet\u0171m\u00e9rettel \u00edrva.  <\/p>\n\n\n\n<p>K\u00f6sz\u00f6nj\u00fck.<\/p>\n","protected":false},"excerpt":{"rendered":"<p>Kedves Kismama! Kedves Fiatal Csal\u00e1d! A csal\u00e1di \u00e9let igen sok \u00f6r\u00f6met, boldogs\u00e1got, \u00e9s van, amikor tanuls\u00e1got is tud ny\u00fajtani. K\u00e9rj\u00fck, ha vannak olyan t\u00f6rt\u00e9neteik, amelyeket sz\u00edvesen megosztan\u00e1nak m\u00e1sokkal, k\u00fcldj\u00e9k be nek\u00fcnk egy jelig\u00e9vel az info@azeletminosegert.hu c\u00edmre, \u00e9s feltessz\u00fck erre az &hellip; <a href=\"https:\/\/szepsegesvarandossag.hu\/?page_id=479\">Egy kattint\u00e1s ide a folytat\u00e1shoz&#8230;. <span class=\"meta-nav\">&rarr;<\/span><\/a><\/p>\n","protected":false},"author":1,"featured_media":0,"parent":0,"menu_order":0,"comment_status":"closed","ping_status":"closed","template":"","meta":[],"_links":{"self":[{"href":"https:\/\/szepsegesvarandossag.hu\/index.php?rest_route=\/wp\/v2\/pages\/479"}],"collection":[{"href":"https:\/\/szepsegesvarandossag.hu\/index.php?rest_route=\/wp\/v2\/pages"}],"about":[{"href":"https:\/\/szepsegesvarandossag.hu\/index.php?rest_route=\/wp\/v2\/types\/page"}],"author":[{"embeddable":true,"href":"https:\/\/szepsegesvarandossag.hu\/index.php?rest_route=\/wp\/v2\/users\/1"}],"replies":[{"embeddable":true,"href":"https:\/\/szepsegesvarandossag.hu\/index.php?rest_route=%2Fwp%2Fv2%2Fcomments&post=479"}],"version-history":[{"count":4,"href":"https:\/\/szepsegesvarandossag.hu\/index.php?rest_route=\/wp\/v2\/pages\/479\/revisions"}],"predecessor-version":[{"id":1098,"href":"https:\/\/szepsegesvarandossag.hu\/index.php?rest_route=\/wp\/v2\/pages\/479\/revisions\/1098"}],"wp:attachment":[{"href":"https:\/\/szepsegesvarandossag.hu\/index.php?rest_route=%2Fwp%2Fv2%2Fmedia&parent=479"}],"curies":[{"name":"wp","href":"https:\/\/api.w.org\/{rel}","templated":true}]}}