{"id":469,"date":"2020-10-05T08:56:09","date_gmt":"2020-10-05T08:56:09","guid":{"rendered":"https:\/\/szepsegesvarandossag.hu\/?page_id=469"},"modified":"2021-07-05T11:52:28","modified_gmt":"2021-07-05T11:52:28","slug":"a-nagyszuloi-szerep","status":"publish","type":"page","link":"https:\/\/szepsegesvarandossag.hu\/?page_id=469","title":{"rendered":"A nagysz\u00fcl\u0151i szerep"},"content":{"rendered":"\n<div class=\"wp-block-image is-style-default\"><figure class=\"alignleft size-large is-resized\"><img loading=\"lazy\" src=\"https:\/\/szepsegesvarandossag.hu\/wp-content\/uploads\/2020\/10\/Nagymama.gif\" alt=\"\" class=\"wp-image-473\" width=\"177\" height=\"236\"\/><figcaption>A nagymama az unok\u00e1val<\/figcaption><\/figure><\/div>\n\n\n\n<p>A nagysz\u00fcl\u0151i szerepk\u00f6r egyszer csak meg\u00e9rkezik. Nincs r\u00e1 \u201emunkak\u00f6ri le\u00edr\u00e1s\u201d, de nagyon gyorsan r\u00e1j\u00f6v\u00fcnk arra, mit kell m\u00e1sk\u00e9pp tenn\u00fcnk, mint a gyermekeink eset\u00e9ben. Ahogyan a csal\u00e1dok is k\u00fcl\u00f6nb\u00f6znek, minden csal\u00e1dban m\u00e1s \u00e9s m\u00e1s a nagysz\u00fcl\u0151k feladata. J\u00f3 esetben a nagysz\u00fcl\u0151 k\u00f6zelben lakik, \u00edgy fizikailag szinte minden nap akt\u00edvan r\u00e9szt tud venni az unoka \u00e9let\u00e9ben, seg\u00edteni tud a gyermekgondoz\u00e1sban. \u00c1ltal\u00e1ban azonban t\u00e1volabb \u00e9l a k\u00e9t csal\u00e1d, \u00e9s csak \u00e9rzelmileg, tan\u00e1csokkal vagy anyagi t\u00e1mogat\u00e1ssal tudja a nagysz\u00fcl\u0151 ell\u00e1tni a fiatal csal\u00e1dot. Nem sz\u00e1m\u00edt, hogy melyik v\u00e1ltozatban \u00e9lnek, a nagysz\u00fcl\u0151 mindig megtal\u00e1lja a m\u00f3dj\u00e1t, hogyan tudjon pozit\u00edvan r\u00e9szt venni unok\u00e1ja \u00e9let\u00e9ben.<\/p>\n\n\n\n<p><strong>Mit kaphatnak a gyerekek a nagysz\u00fcl\u0151kkel val\u00f3 kapcsolatt\u00f3l?<\/strong><\/p>\n\n\n\n<p class=\"has-light-gray-background-color has-background\">A szoros kapcsolat nagyon eg\u00e9szs\u00e9ges mind a nagysz\u00fcl\u0151 mind az unoka sz\u00e1m\u00e1ra. Az unok\u00e1knak az a nagysz\u00fcl\u0151i odaad\u00e1s, szeretet, t\u00fcrelem, amit egyed\u00fcl \u00e1ll\u00f3an csak a nagysz\u00fcl\u0151kt\u0151l kaphatnak, igen nagy aj\u00e1nd\u00e9k. &nbsp;Az unoka a sz\u00fclei rohan\u00f3 \u00e9lete mellett a nagysz\u00fcl\u0151n\u00e9l biztos &#8220;kik\u00f6t\u0151t&#8221; tal\u00e1lhat, ahol mindig meg\u00e9rt\u00e9sben r\u00e9szes\u00fcl \u00e9s extra t\u00e1mogat\u00e1st kap. &nbsp;Ez a mindig jelen l\u00e9v\u0151 seg\u00edts\u00e9g pozit\u00edv hat\u00e1ssal lehet a gyermek \u00e9rzelmi j\u00f3l\u00e9t\u00e9re.&nbsp;&nbsp;&nbsp;<\/p>\n\n\n\n<p><strong>Mit kaphatnak a nagysz\u00fcl\u0151k az unok\u00e1kt\u00f3l?&nbsp;&nbsp; &nbsp;&nbsp;<\/strong><\/p>\n\n\n\n<p class=\"has-light-gray-background-color has-background\">A nagysz\u00fcl\u0151v\u00e9 v\u00e1l\u00e1s egy hirtelen adrenalin l\u00f6ket, vissza\u00e1ll\u00edtja az energi\u00e1t, optimizmust, fiatals\u00e1got, j\u00e1t\u00e9kkedvet, c\u00e9ltudatoss\u00e1got, &#8230;ha esetleg m\u00e1r cs\u00f6kken\u0151ben lett volna. T\u00f6bb tanulm\u00e1ny is azt mutatja, hogy a nagysz\u00fcl\u0151k \u00e9s az unok\u00e1k k\u00f6z\u00f6tti \u00e9rzelmi k\u00f6zels\u00e9g v\u00e9delmet ny\u00fajt a depresszi\u00f3 ellen, n\u00f6veli az agym\u0171k\u00f6d\u00e9st \u00e9s \u00edgy hosszabb \u00e9letet eredm\u00e9nyezhet.<\/p>\n\n\n\n<p><strong>Mi\u00e9rt j\u00f3 a nagysz\u00fcl\u0151 a csal\u00e1dban?<\/strong><\/p>\n\n\n\n<p class=\"has-light-gray-background-color has-background\">A nagysz\u00fcl\u0151 t\u00f6bbf\u00e9le szerepben is r\u00e9szt vehet a gyermekkel kieg\u00e9sz\u00fclt csal\u00e1dban.<\/p>\n\n\n\n<p class=\"has-light-gray-background-color has-background\">1. <strong>A nagysz\u00fcl\u0151 a csal\u00e1d t\u00f6rt\u00e9n\u00e9sze<\/strong>. Olyan dolgokra is eml\u00e9kezik, amelyekr\u0151l a sz\u00fcl\u0151 nem tud. El tudja mes\u00e9lni hogyan volt r\u00e9gen, besz\u00e9l az \u0151s\u00f6kr\u0151l, megosztja r\u00e9gi csal\u00e1di receptjeit, bevezet r\u00e9gi csal\u00e1di hagyom\u00e1nyokat, r\u00e9gi f\u00e9nyk\u00e9palbumok mellett mes\u00e9l a r\u00e9gebbi id\u0151kr\u0151l.<\/p>\n\n\n\n<p class=\"has-light-gray-background-color has-background\">2. <strong>A nagysz\u00fcl\u0151 mint mened\u00e9k.<\/strong> &nbsp;Sokszor az \u00e9letben elszenvedett dolgokat egyed\u00fcl csak a nagysz\u00fcl\u0151kkel lehet teljes meg\u00e9rt\u00e9st kapva megbesz\u00e9lni. A nagysz\u00fcl\u0151 m\u00e1r sokat l\u00e1tott, sokat tapasztalt. M\u00e1r lenyugodottabban fogadja a vil\u00e1gban l\u00e1tottakat, \u00edgy nem csak az unoka, hanem a feln\u0151tt gyereke is megnyugv\u00e1st, t\u00e1mogat\u00e1st kaphat t\u0151le.<\/p>\n\n\n\n<p class=\"has-light-gray-background-color has-background\">3. <strong>A nagysz\u00fcl\u0151 a csal\u00e1d mentora.<\/strong>&nbsp; A sikeres \u00e9let\u00fat, a nagy tapasztalat, a felhalmozott tud\u00e1s ir\u00e1nyad\u00f3 lehet az unoka sz\u00e1m\u00e1ra. A nagysz\u00fcl\u0151 b\u00e1tor\u00edthatja az unoka \u00f6n\u00e9rzet\u00e9t, felfedezheti \u00e9s t\u00e1mogathatja tehets\u00e9g\u00e9t. Seg\u00edt hinni az \u00e1lmokban.<\/p>\n\n\n\n<p class=\"has-light-gray-background-color has-background\">4. <strong>A nagysz\u00fcl\u0151 igen j\u00f3 j\u00e1tsz\u00f3t\u00e1rs.<\/strong>&nbsp; Ha van ideje foglalkozni az unok\u00e1val, fant\u00e1ziad\u00fas j\u00e1t\u00e9kokat j\u00e1tszhatnak egy\u00fctt. Elviheti olyan helyekre, ahov\u00e1 a sz\u00fcl\u0151nek nincs ideje eljutni. Mindig \u00e9lvezi az unoka t\u00fal\u00e1rad\u00f3 energi\u00e1j\u00e1t, hiszen \u0151 is mer\u00edthet bel\u0151le.<\/p>\n\n\n\n<p class=\"has-light-gray-background-color has-background\">5. <strong>A nagysz\u00fcl\u0151 mint p\u00e9ldak\u00e9p.<\/strong> &nbsp;A nagysz\u00fcl\u0151k m\u00e9lt\u00f3 modellek lehetnek arra, hogyan kell le\u00e9lni az \u00e9letet, hiszen sokat dolgoztak, csal\u00e1djuk lett \u00e9s gyermekeik eljutottak oda, hogy maguk is csal\u00e1dot tudtak alaptani. Ezt persze \u00f3vatosan kell kezelni, nehogy a nagysz\u00fcl\u0151k a sz\u00fcl\u0151kkel nem egyet\u00e9rt\u00e9sben, az \u0151 elveikkel nem megegyez\u0151en ir\u00e1ny\u00edts\u00e1k az unok\u00e1t, amely konfliktust id\u00e9zhet el\u0151.<\/p>\n\n\n\n<p class=\"has-light-gray-background-color has-background\">6. <strong>A nagysz\u00fcl\u0151 mint &#8220;bank\u00e1r&#8221;. <\/strong>A magyarorsz\u00e1gi nagysz\u00fcl\u0151k \u00e1ltal\u00e1ban nem rendelkeznek magas nyugd\u00edjjal. Viszont sokuknak van megtakar\u00edt\u00e1sa a nehezebb id\u0151kre. Ma nagyon neh\u00e9z belekezdeni az \u00e9letbe. Sok fiatalnak nem is siker\u00fclne, ha nem lenn\u00e9nek ott a sz\u00fclei, akik mindig \u00fagy tekintenek r\u00e1, hogy gyermek\u00fck seg\u00edts\u00e9gre szorul. Ha m\u00e1r elindult is a k\u00fcl\u00f6n \u00e9let\u00fck, a kis unok\u00e1nak mindig meg fog tetszeni olyasmi, ami a sz\u00fcl\u0151k szerint t\u00fal dr\u00e1ga, \u201emost nem aktu\u00e1lis\u201d, stb. Persze ebben az esetben is a sz\u00fcl\u0151i tekint\u00e9ly megmarad\u00e1s\u00e1t figyelembe kell venni. A meglepet\u00e9s aj\u00e1nd\u00e9kokat egy\u00fctt kell eltervezni.<\/p>\n\n\n\n<p><strong>Sz\u00fcl\u0151nek, nagysz\u00fcl\u0151nek lenni j\u00f3. Ki kell haszn\u00e1lni mindazt az \u00f6r\u00f6met, amit csal\u00e1dtagjaink ny\u00fajtanak \u00e9s min\u00e9l t\u00f6bb \u00f6r\u00f6met ny\u00fajtsunk mi is nekik. Nagysz\u00fcl\u0151k\u00e9nt haszn\u00e1ljuk ki azt, hogy most az unok\u00e1val t\u00f6bb az id\u0151nk, mint a saj\u00e1t gyermekeinkkel \u00e9s a sz\u00fcl\u0151kkel egyeztetett keretek k\u00f6z\u00f6tt \u201erontsuk el \u0151ket.\u201d<\/strong><\/p>\n","protected":false},"excerpt":{"rendered":"<p>A nagysz\u00fcl\u0151i szerepk\u00f6r egyszer csak meg\u00e9rkezik. Nincs r\u00e1 \u201emunkak\u00f6ri le\u00edr\u00e1s\u201d, de nagyon gyorsan r\u00e1j\u00f6v\u00fcnk arra, mit kell m\u00e1sk\u00e9pp tenn\u00fcnk, mint a gyermekeink eset\u00e9ben. Ahogyan a csal\u00e1dok is k\u00fcl\u00f6nb\u00f6znek, minden csal\u00e1dban m\u00e1s \u00e9s m\u00e1s a nagysz\u00fcl\u0151k feladata. J\u00f3 esetben a nagysz\u00fcl\u0151 &hellip; <a href=\"https:\/\/szepsegesvarandossag.hu\/?page_id=469\">Egy kattint\u00e1s ide a folytat\u00e1shoz&#8230;. <span class=\"meta-nav\">&rarr;<\/span><\/a><\/p>\n","protected":false},"author":1,"featured_media":0,"parent":0,"menu_order":0,"comment_status":"closed","ping_status":"closed","template":"","meta":[],"_links":{"self":[{"href":"https:\/\/szepsegesvarandossag.hu\/index.php?rest_route=\/wp\/v2\/pages\/469"}],"collection":[{"href":"https:\/\/szepsegesvarandossag.hu\/index.php?rest_route=\/wp\/v2\/pages"}],"about":[{"href":"https:\/\/szepsegesvarandossag.hu\/index.php?rest_route=\/wp\/v2\/types\/page"}],"author":[{"embeddable":true,"href":"https:\/\/szepsegesvarandossag.hu\/index.php?rest_route=\/wp\/v2\/users\/1"}],"replies":[{"embeddable":true,"href":"https:\/\/szepsegesvarandossag.hu\/index.php?rest_route=%2Fwp%2Fv2%2Fcomments&post=469"}],"version-history":[{"count":9,"href":"https:\/\/szepsegesvarandossag.hu\/index.php?rest_route=\/wp\/v2\/pages\/469\/revisions"}],"predecessor-version":[{"id":1561,"href":"https:\/\/szepsegesvarandossag.hu\/index.php?rest_route=\/wp\/v2\/pages\/469\/revisions\/1561"}],"wp:attachment":[{"href":"https:\/\/szepsegesvarandossag.hu\/index.php?rest_route=%2Fwp%2Fv2%2Fmedia&parent=469"}],"curies":[{"name":"wp","href":"https:\/\/api.w.org\/{rel}","templated":true}]}}