{"id":2091,"date":"2022-10-27T07:21:29","date_gmt":"2022-10-27T07:21:29","guid":{"rendered":"https:\/\/szepsegesvarandossag.hu\/?page_id=2091"},"modified":"2022-10-27T11:26:38","modified_gmt":"2022-10-27T11:26:38","slug":"tamogato-partnereink","status":"publish","type":"page","link":"https:\/\/szepsegesvarandossag.hu\/?page_id=2091","title":{"rendered":"T\u00e1mogat\u00f3 Partnereink"},"content":{"rendered":"\n<p>Bethlen G\u00e1bor Alapkezel\u0151 Zrt.<\/p>\n\n\n\n<p>BG Disztibution Kft. (Biogia)<\/p>\n\n\n\n<p>Ceumed Kft.<\/p>\n\n\n\n<p>CoolMom Kismama Divat<\/p>\n\n\n\n<p>Devron Impex Kft. (Babaszafari Bababoltok)<\/p>\n\n\n\n<p>Dr. Kocsis &amp; Hoffmann Pharma Kft.<\/p>\n\n\n\n<p>L&#8217;Oreal Magyarorsz\u00e1g Kft. (La Roche-Posay)<\/p>\n\n\n\n<p>Mark\u00f3rendel\u0151<\/p>\n\n\n\n<p>Mini-Man\u00f3 Kft.<\/p>\n\n\n\n<p>Minisztereln\u00f6ks\u00e9g<\/p>\n\n\n\n<p>Nemzeti Sz\u00ednh\u00e1z<\/p>\n\n\n\n<p>Nestl\u00e9 Hung\u00e1ria Kft.<\/p>\n\n\n\n<p>Pfizer Gy\u00f3gyszerkereskedelmi Kft.<\/p>\n\n\n\n<p>Pri-Market Bt. (Blomdahl orvosi f\u00fclbel\u00f6v\u00e9s)<\/p>\n\n\n\n<p>ProfEvents Kft. (Csal\u00e1di rendezv\u00e9nyek)<\/p>\n\n\n\n<p>Pro-Mama Kft. (Szoptat\u00e1s \u00e9s baba\u00e1pol\u00e1s)<\/p>\n\n\n\n<p>PromoBox Kft.<\/p>\n\n\n\n<p>Richter Gedeon Nyrt.<\/p>\n\n\n\n<p>Sal-Bert Kft.<\/p>\n\n\n\n<p>Shila-Medic Kft. (Merz Pharma)<\/p>\n\n\n\n<p>Szandi fot\u00f3 (Babav\u00e1r\u00e1s, \u00fajsz\u00fcl\u00f6tt fot\u00f3k, csal\u00e1di eml\u00e9kek)<\/p>\n\n\n\n<p>Target Sales Group Kft. (Tommee Tippee)<\/p>\n\n\n\n<p>Tiszta V\u00edz \u00dczleth\u00e1z<\/p>\n\n\n\n<p>Webshop Global Kft. (Pelenka.hu)<\/p>\n","protected":false},"excerpt":{"rendered":"<p>Bethlen G\u00e1bor Alapkezel\u0151 Zrt. BG Disztibution Kft. (Biogia) Ceumed Kft. CoolMom Kismama Divat Devron Impex Kft. (Babaszafari Bababoltok) Dr. Kocsis &amp; Hoffmann Pharma Kft. L&#8217;Oreal Magyarorsz\u00e1g Kft. (La Roche-Posay) Mark\u00f3rendel\u0151 Mini-Man\u00f3 Kft. Minisztereln\u00f6ks\u00e9g Nemzeti Sz\u00ednh\u00e1z Nestl\u00e9 Hung\u00e1ria Kft. Pfizer Gy\u00f3gyszerkereskedelmi &hellip; <a href=\"https:\/\/szepsegesvarandossag.hu\/?page_id=2091\">Egy kattint\u00e1s ide a folytat\u00e1shoz&#8230;. <span class=\"meta-nav\">&rarr;<\/span><\/a><\/p>\n","protected":false},"author":1,"featured_media":0,"parent":0,"menu_order":0,"comment_status":"closed","ping_status":"closed","template":"","meta":[],"_links":{"self":[{"href":"https:\/\/szepsegesvarandossag.hu\/index.php?rest_route=\/wp\/v2\/pages\/2091"}],"collection":[{"href":"https:\/\/szepsegesvarandossag.hu\/index.php?rest_route=\/wp\/v2\/pages"}],"about":[{"href":"https:\/\/szepsegesvarandossag.hu\/index.php?rest_route=\/wp\/v2\/types\/page"}],"author":[{"embeddable":true,"href":"https:\/\/szepsegesvarandossag.hu\/index.php?rest_route=\/wp\/v2\/users\/1"}],"replies":[{"embeddable":true,"href":"https:\/\/szepsegesvarandossag.hu\/index.php?rest_route=%2Fwp%2Fv2%2Fcomments&post=2091"}],"version-history":[{"count":2,"href":"https:\/\/szepsegesvarandossag.hu\/index.php?rest_route=\/wp\/v2\/pages\/2091\/revisions"}],"predecessor-version":[{"id":2103,"href":"https:\/\/szepsegesvarandossag.hu\/index.php?rest_route=\/wp\/v2\/pages\/2091\/revisions\/2103"}],"wp:attachment":[{"href":"https:\/\/szepsegesvarandossag.hu\/index.php?rest_route=%2Fwp%2Fv2%2Fmedia&parent=2091"}],"curies":[{"name":"wp","href":"https:\/\/api.w.org\/{rel}","templated":true}]}}