{"id":2083,"date":"2022-10-27T07:11:33","date_gmt":"2022-10-27T07:11:33","guid":{"rendered":"https:\/\/szepsegesvarandossag.hu\/?page_id=2083"},"modified":"2022-10-27T07:17:31","modified_gmt":"2022-10-27T07:17:31","slug":"szepseges-varandossag-egeszseghaz","status":"publish","type":"page","link":"https:\/\/szepsegesvarandossag.hu\/?page_id=2083","title":{"rendered":"SZ\u00c9PS\u00c9GES V\u00c1RAND\u00d3SS\u00c1G EG\u00c9SZS\u00c9GH\u00c1Z"},"content":{"rendered":"\n<div class=\"wp-block-image is-style-default\"><figure class=\"alignleft size-large is-resized\"><img loading=\"lazy\" src=\"https:\/\/szepsegesvarandossag.hu\/wp-content\/uploads\/2020\/11\/egeszseghazv-1024x480.jpg\" alt=\"\" class=\"wp-image-1185\" width=\"606\" height=\"284\"\/><\/figure><\/div>\n","protected":false},"excerpt":{"rendered":"","protected":false},"author":1,"featured_media":0,"parent":0,"menu_order":0,"comment_status":"closed","ping_status":"closed","template":"","meta":[],"_links":{"self":[{"href":"https:\/\/szepsegesvarandossag.hu\/index.php?rest_route=\/wp\/v2\/pages\/2083"}],"collection":[{"href":"https:\/\/szepsegesvarandossag.hu\/index.php?rest_route=\/wp\/v2\/pages"}],"about":[{"href":"https:\/\/szepsegesvarandossag.hu\/index.php?rest_route=\/wp\/v2\/types\/page"}],"author":[{"embeddable":true,"href":"https:\/\/szepsegesvarandossag.hu\/index.php?rest_route=\/wp\/v2\/users\/1"}],"replies":[{"embeddable":true,"href":"https:\/\/szepsegesvarandossag.hu\/index.php?rest_route=%2Fwp%2Fv2%2Fcomments&post=2083"}],"version-history":[{"count":3,"href":"https:\/\/szepsegesvarandossag.hu\/index.php?rest_route=\/wp\/v2\/pages\/2083\/revisions"}],"predecessor-version":[{"id":2087,"href":"https:\/\/szepsegesvarandossag.hu\/index.php?rest_route=\/wp\/v2\/pages\/2083\/revisions\/2087"}],"wp:attachment":[{"href":"https:\/\/szepsegesvarandossag.hu\/index.php?rest_route=%2Fwp%2Fv2%2Fmedia&parent=2083"}],"curies":[{"name":"wp","href":"https:\/\/api.w.org\/{rel}","templated":true}]}}