{"id":1897,"date":"2022-07-19T13:09:56","date_gmt":"2022-07-19T13:09:56","guid":{"rendered":"https:\/\/szepsegesvarandossag.hu\/?page_id=1897"},"modified":"2022-07-19T17:48:23","modified_gmt":"2022-07-19T17:48:23","slug":"szepseges-varandossag-2021-eloadasai","status":"publish","type":"page","link":"https:\/\/szepsegesvarandossag.hu\/?page_id=1897","title":{"rendered":"SZ\u00c9PS\u00c9GES V\u00c1RAND\u00d3SS\u00c1G 2021."},"content":{"rendered":"\n<p><strong>Helysz\u00edn: Duna Palota Elvira Szalon; Id\u0151pont: 2021. m\u00e1jus 7.<\/strong><\/p>\n\n\n\n<p>A konferencia z\u00e1rt ajt\u00f3k m\u00f6g\u00f6tt, csak az el\u0151ad\u00f3k r\u00e9szv\u00e9tel\u00e9vel lett megtartva.<\/p>\n\n\n\n<p><strong><a href=\"https:\/\/szepsegesvarandossag.hu\/wp-content\/uploads\/2020\/10\/udvozlet_2021.mp4\">Bevezet\u0151<\/a><\/strong>\u2013 dr. Mag Olga eln\u00f6k (Az \u00c9letmin\u0151s\u00e9g\u00e9rt Alap\u00edtv\u00e1ny)<\/p>\n\n\n\n<div class=\"wp-block-image is-style-default\"><figure class=\"aligncenter is-resized\"><a href=\"https:\/\/szepsegesvarandossag.hu\/wp-content\/uploads\/2020\/10\/udvozlet_2021.mp4\"><img loading=\"lazy\" src=\"https:\/\/szepsegesvarandossag.hu\/wp-content\/uploads\/2021\/05\/DMO-1024x823.jpg\" alt=\"\" class=\"wp-image-1408\" width=\"212\" height=\"170\" srcset=\"https:\/\/szepsegesvarandossag.hu\/wp-content\/uploads\/2021\/05\/DMO-1024x823.jpg 1024w, https:\/\/szepsegesvarandossag.hu\/wp-content\/uploads\/2021\/05\/DMO-300x241.jpg 300w, https:\/\/szepsegesvarandossag.hu\/wp-content\/uploads\/2021\/05\/DMO-768x617.jpg 768w, https:\/\/szepsegesvarandossag.hu\/wp-content\/uploads\/2021\/05\/DMO.jpg 1359w\" sizes=\"(max-width: 212px) 100vw, 212px\" \/><\/a><\/figure><\/div>\n\n\n\n<p><strong><a href=\"https:\/\/szepsegesvarandossag.hu\/wp-content\/uploads\/2020\/10\/Koszonto2021.mp4\">K\u00f6sz\u00f6nt\u0151<\/a>&nbsp;<\/strong>\u2013 Dr. Balogh Zolt\u00e1n eln\u00f6k (Magyar Eg\u00e9szs\u00e9g\u00fcgyi Szakdolgoz\u00f3i Kamara)<\/p>\n\n\n\n<div class=\"wp-block-image is-style-default\"><figure class=\"aligncenter is-resized\"><a href=\"https:\/\/szepsegesvarandossag.hu\/wp-content\/uploads\/2020\/10\/Koszonto2021.mp4\"><img loading=\"lazy\" src=\"https:\/\/szepsegesvarandossag.hu\/wp-content\/uploads\/2020\/09\/DBZ-1024x823.jpg\" alt=\"\" class=\"wp-image-1480\" width=\"212\" height=\"170\" srcset=\"https:\/\/szepsegesvarandossag.hu\/wp-content\/uploads\/2020\/09\/DBZ-1024x823.jpg 1024w, https:\/\/szepsegesvarandossag.hu\/wp-content\/uploads\/2020\/09\/DBZ-300x241.jpg 300w, https:\/\/szepsegesvarandossag.hu\/wp-content\/uploads\/2020\/09\/DBZ-768x617.jpg 768w, https:\/\/szepsegesvarandossag.hu\/wp-content\/uploads\/2020\/09\/DBZ.jpg 1359w\" sizes=\"(max-width: 212px) 100vw, 212px\" \/><\/a><\/figure><\/div>\n\n\n\n<p><\/p>\n\n\n\n<p><strong><a href=\"https:\/\/szepsegesvarandossag.hu\/wp-content\/uploads\/2020\/10\/MelczerZs2021.mp4\">Hogyan v\u00e1ltozott a v\u00e1rand\u00f3sgondoz\u00e1s \u00e9s a sz\u00fcl\u00e9szeti ell\u00e1t\u00e1s a koronav\u00edrus-fert\u0151z\u00f6tt terhesek eset\u00e9ben a j\u00e1rv\u00e1ny elm\u00falt egy \u00e9ve alatt?&nbsp;<\/a><\/strong>\u2013 Dr. Melczer Zsolt PhD MSc sz\u00fcl\u00e9sz-n\u0151gy\u00f3gy\u00e1sz, onkol\u00f3gus egyetemi docens, igazgat\u00f3 helyettes (Semmelweis Egyetem Sz\u00fcl\u00e9szeti- \u00e9s N\u0151gy\u00f3gy\u00e1szati Klinika Baross utcai r\u00e9szleg)<\/p>\n\n\n\n<div class=\"wp-block-image is-style-default\"><figure class=\"aligncenter is-resized\"><a href=\"https:\/\/szepsegesvarandossag.hu\/wp-content\/uploads\/2020\/10\/MelczerZs2021.mp4\"><img loading=\"lazy\" src=\"https:\/\/szepsegesvarandossag.hu\/wp-content\/uploads\/2020\/09\/DMZS-1024x823.jpg\" alt=\"\" class=\"wp-image-1432\" width=\"206\" height=\"166\" srcset=\"https:\/\/szepsegesvarandossag.hu\/wp-content\/uploads\/2020\/09\/DMZS-1024x823.jpg 1024w, https:\/\/szepsegesvarandossag.hu\/wp-content\/uploads\/2020\/09\/DMZS-300x241.jpg 300w, https:\/\/szepsegesvarandossag.hu\/wp-content\/uploads\/2020\/09\/DMZS-768x617.jpg 768w, https:\/\/szepsegesvarandossag.hu\/wp-content\/uploads\/2020\/09\/DMZS.jpg 1359w\" sizes=\"(max-width: 206px) 100vw, 206px\" \/><\/a><\/figure><\/div>\n\n\n\n<p><strong><a href=\"https:\/\/szepsegesvarandossag.hu\/wp-content\/uploads\/2020\/10\/MenartovicsZs2021.mp4\">COVID-fert\u0151z\u00f6tt kismam\u00e1k sz\u00fcl\u00e9se, a sz\u00fcl\u00e9st k\u00f6vet\u0151 id\u0151szak<\/a>&nbsp;<\/strong>\u2013 S\u00e1ndorn\u00e9 Men\u00e1rtovics Zsuzsanna sz\u00fcl\u00e9szn\u0151 (Semmelweis Egyetem Sz\u00fcl\u00e9szeti- \u00e9s N\u0151gy\u00f3gy\u00e1szati Klinika Baross utcai r\u00e9szleg)<\/p>\n\n\n\n<div class=\"wp-block-image is-style-default\"><figure class=\"aligncenter is-resized\"><a href=\"https:\/\/szepsegesvarandossag.hu\/wp-content\/uploads\/2020\/10\/MenartovicsZs2021.mp4\"><img loading=\"lazy\" src=\"https:\/\/szepsegesvarandossag.hu\/wp-content\/uploads\/2020\/09\/SMZSU-1024x823.jpg\" alt=\"\" class=\"wp-image-1440\" width=\"211\" height=\"170\" srcset=\"https:\/\/szepsegesvarandossag.hu\/wp-content\/uploads\/2020\/09\/SMZSU-1024x823.jpg 1024w, https:\/\/szepsegesvarandossag.hu\/wp-content\/uploads\/2020\/09\/SMZSU-300x241.jpg 300w, https:\/\/szepsegesvarandossag.hu\/wp-content\/uploads\/2020\/09\/SMZSU-768x617.jpg 768w, https:\/\/szepsegesvarandossag.hu\/wp-content\/uploads\/2020\/09\/SMZSU.jpg 1359w\" sizes=\"(max-width: 211px) 100vw, 211px\" \/><\/a><\/figure><\/div>\n\n\n\n<p><strong><a href=\"https:\/\/szepsegesvarandossag.hu\/wp-content\/uploads\/2020\/10\/HirschA2021.mp4\">Karant\u00e9n nemzed\u00e9k<\/a>&nbsp;<\/strong>\u2013 Dr. Hirsch Anik\u00f3 csecsem\u0151- \u00e9s gyermekgy\u00f3gy\u00e1sz, gyermek-pszichi\u00e1ter-pszichoterapeuta (Magyar Reform\u00e1tus Egyh\u00e1z Bethesda Gyermekk\u00f3rh\u00e1z)<\/p>\n\n\n\n<div class=\"wp-block-image is-style-default\"><figure class=\"aligncenter is-resized\"><a href=\"https:\/\/szepsegesvarandossag.hu\/wp-content\/uploads\/2020\/10\/HirschA2021.mp4\"><img loading=\"lazy\" src=\"https:\/\/szepsegesvarandossag.hu\/wp-content\/uploads\/2020\/09\/DHA-1024x823.jpg\" alt=\"\" class=\"wp-image-1445\" width=\"218\" height=\"175\" srcset=\"https:\/\/szepsegesvarandossag.hu\/wp-content\/uploads\/2020\/09\/DHA-1024x823.jpg 1024w, https:\/\/szepsegesvarandossag.hu\/wp-content\/uploads\/2020\/09\/DHA-300x241.jpg 300w, https:\/\/szepsegesvarandossag.hu\/wp-content\/uploads\/2020\/09\/DHA-768x617.jpg 768w, https:\/\/szepsegesvarandossag.hu\/wp-content\/uploads\/2020\/09\/DHA.jpg 1359w\" sizes=\"(max-width: 218px) 100vw, 218px\" \/><\/a><\/figure><\/div>\n\n\n\n<p><strong><a href=\"https:\/\/szepsegesvarandossag.hu\/wp-content\/uploads\/2020\/10\/SzlavikJ2021.mp4\">Koronav\u00edrus fert\u0151z\u00e9s \u00e9s v\u00e1rand\u00f3ss\u00e1g<\/a><\/strong>&nbsp;\u2013 Dr. Szl\u00e1vik J\u00e1nos oszt\u00e1lyvezet\u0151 f\u0151orvos, infektol\u00f3gus szakorvos (D\u00e9l-Pesti Centrumk\u00f3rh\u00e1z, OHII, Infektol\u00f3giai Oszt\u00e1ly)<\/p>\n\n\n\n<div class=\"wp-block-image is-style-default\"><figure class=\"aligncenter is-resized\"><a href=\"https:\/\/szepsegesvarandossag.hu\/wp-content\/uploads\/2020\/10\/SzlavikJ2021.mp4\"><img loading=\"lazy\" src=\"https:\/\/szepsegesvarandossag.hu\/wp-content\/uploads\/2020\/09\/DSZJ-1024x823.jpg\" alt=\"\" class=\"wp-image-1451\" width=\"229\" height=\"184\" srcset=\"https:\/\/szepsegesvarandossag.hu\/wp-content\/uploads\/2020\/09\/DSZJ-1024x823.jpg 1024w, https:\/\/szepsegesvarandossag.hu\/wp-content\/uploads\/2020\/09\/DSZJ-300x241.jpg 300w, https:\/\/szepsegesvarandossag.hu\/wp-content\/uploads\/2020\/09\/DSZJ-768x617.jpg 768w, https:\/\/szepsegesvarandossag.hu\/wp-content\/uploads\/2020\/09\/DSZJ.jpg 1359w\" sizes=\"(max-width: 229px) 100vw, 229px\" \/><\/a><\/figure><\/div>\n\n\n\n<p><strong><a href=\"https:\/\/szepsegesvarandossag.hu\/wp-content\/uploads\/2020\/10\/TomaA2021.mp4\">S\u00edr a baba, no para!<\/a><\/strong>&nbsp;\u2013 Tom\u00e1n\u00e9 M\u00e9sz\u00e1ros Andrea v\u00e9d\u0151n\u0151 (Semmelweis Egyetem Eg\u00e9szs\u00e9gtudom\u00e1nyi Doktori Iskola)<\/p>\n\n\n\n<div class=\"wp-block-image is-style-default\"><figure class=\"aligncenter is-resized\"><a href=\"https:\/\/szepsegesvarandossag.hu\/wp-content\/uploads\/2020\/10\/TomaA2021.mp4\"><img loading=\"lazy\" src=\"https:\/\/szepsegesvarandossag.hu\/wp-content\/uploads\/2020\/09\/TMA-1024x823.jpg\" alt=\"\" class=\"wp-image-1455\" width=\"234\" height=\"188\" srcset=\"https:\/\/szepsegesvarandossag.hu\/wp-content\/uploads\/2020\/09\/TMA-1024x823.jpg 1024w, https:\/\/szepsegesvarandossag.hu\/wp-content\/uploads\/2020\/09\/TMA-300x241.jpg 300w, https:\/\/szepsegesvarandossag.hu\/wp-content\/uploads\/2020\/09\/TMA-768x617.jpg 768w, https:\/\/szepsegesvarandossag.hu\/wp-content\/uploads\/2020\/09\/TMA.jpg 1359w\" sizes=\"(max-width: 234px) 100vw, 234px\" \/><\/a><\/figure><\/div>\n\n\n\n<p><strong><a href=\"https:\/\/szepsegesvarandossag.hu\/wp-content\/uploads\/2020\/10\/DobnerS2021.mp4\">COVID a csal\u00e1dban<\/a><\/strong>&nbsp;\u2013 Dr. Dobner Sarolta gyermekgy\u00f3gy\u00e1sz, gyermekneurol\u00f3gus (Semmelweis Egyetem II. sz. Gyermekgy\u00f3gy\u00e1szati Klinika)<\/p>\n\n\n\n<div class=\"wp-block-image is-style-default\"><figure class=\"aligncenter is-resized\"><a href=\"https:\/\/szepsegesvarandossag.hu\/wp-content\/uploads\/2020\/10\/DobnerS2021.mp4\"><img loading=\"lazy\" src=\"https:\/\/szepsegesvarandossag.hu\/wp-content\/uploads\/2020\/09\/DDS-1024x823.jpg\" alt=\"\" class=\"wp-image-1462\" width=\"230\" height=\"185\" srcset=\"https:\/\/szepsegesvarandossag.hu\/wp-content\/uploads\/2020\/09\/DDS-1024x823.jpg 1024w, https:\/\/szepsegesvarandossag.hu\/wp-content\/uploads\/2020\/09\/DDS-300x241.jpg 300w, https:\/\/szepsegesvarandossag.hu\/wp-content\/uploads\/2020\/09\/DDS-768x617.jpg 768w, https:\/\/szepsegesvarandossag.hu\/wp-content\/uploads\/2020\/09\/DDS.jpg 1359w\" sizes=\"(max-width: 230px) 100vw, 230px\" \/><\/a><\/figure><\/div>\n\n\n\n<p><strong><a href=\"https:\/\/szepsegesvarandossag.hu\/wp-content\/uploads\/2020\/10\/KovacsAM.mp4\">Mozg\u00e1sfejl\u0151d\u00e9s \u201cszab\u00e1lyai\u201d. Gy\u00f3gytorn\u00e1sz javaslatai az els\u0151 kilenc h\u00f3napra<\/a><\/strong>&nbsp;\u2013 Kov\u00e1cs Andrea gyermek gy\u00f3gytorn\u00e1sz (Mack\u00f3 rendel\u0151)<\/p>\n\n\n\n<div class=\"wp-block-image is-style-default\"><figure class=\"aligncenter is-resized\"><a href=\"https:\/\/szepsegesvarandossag.hu\/wp-content\/uploads\/2020\/10\/KovacsAM.mp4\"><img loading=\"lazy\" src=\"https:\/\/szepsegesvarandossag.hu\/wp-content\/uploads\/2020\/09\/KAM-1024x823.jpg\" alt=\"\" class=\"wp-image-1469\" width=\"227\" height=\"183\" srcset=\"https:\/\/szepsegesvarandossag.hu\/wp-content\/uploads\/2020\/09\/KAM-1024x823.jpg 1024w, https:\/\/szepsegesvarandossag.hu\/wp-content\/uploads\/2020\/09\/KAM-300x241.jpg 300w, https:\/\/szepsegesvarandossag.hu\/wp-content\/uploads\/2020\/09\/KAM-768x617.jpg 768w, https:\/\/szepsegesvarandossag.hu\/wp-content\/uploads\/2020\/09\/KAM.jpg 1359w\" sizes=\"(max-width: 227px) 100vw, 227px\" \/><\/a><\/figure><\/div>\n\n\n\n<p><strong><a href=\"https:\/\/szepsegesvarandossag.hu\/wp-content\/uploads\/2020\/10\/PozsgaiM.mp4\">F\u00e9nyv\u00e9delem \u00e9s b\u0151r\u00e1pol\u00e1s a v\u00e1rand\u00f3ss\u00e1g alatt<\/a>&nbsp;<\/strong>\u2013 Dr. Pozsgai Mel\u00e1nia b\u0151rgy\u00f3gy\u00e1sz <\/p>\n\n\n\n<div class=\"wp-block-image is-style-default\"><figure class=\"aligncenter is-resized\"><a href=\"https:\/\/szepsegesvarandossag.hu\/wp-content\/uploads\/2020\/10\/PozsgaiM.mp4\"><img loading=\"lazy\" src=\"https:\/\/szepsegesvarandossag.hu\/wp-content\/uploads\/2020\/09\/DPM-1024x814.jpg\" alt=\"\" class=\"wp-image-1525\" width=\"230\" height=\"182\" srcset=\"https:\/\/szepsegesvarandossag.hu\/wp-content\/uploads\/2020\/09\/DPM-1024x814.jpg 1024w, https:\/\/szepsegesvarandossag.hu\/wp-content\/uploads\/2020\/09\/DPM-300x238.jpg 300w, https:\/\/szepsegesvarandossag.hu\/wp-content\/uploads\/2020\/09\/DPM-768x610.jpg 768w, https:\/\/szepsegesvarandossag.hu\/wp-content\/uploads\/2020\/09\/DPM-1536x1221.jpg 1536w, https:\/\/szepsegesvarandossag.hu\/wp-content\/uploads\/2020\/09\/DPM-2048x1628.jpg 2048w\" sizes=\"(max-width: 230px) 100vw, 230px\" \/><\/a><\/figure><\/div>\n\n\n\n<p><strong>K\u00f6sz\u00f6nj\u00fck, hogy megtekintette el\u0151ad\u00e1sainkat.<\/strong><\/p>\n","protected":false},"excerpt":{"rendered":"<p>Helysz\u00edn: Duna Palota Elvira Szalon; Id\u0151pont: 2021. m\u00e1jus 7. A konferencia z\u00e1rt ajt\u00f3k m\u00f6g\u00f6tt, csak az el\u0151ad\u00f3k r\u00e9szv\u00e9tel\u00e9vel lett megtartva. Bevezet\u0151\u2013 dr. Mag Olga eln\u00f6k (Az \u00c9letmin\u0151s\u00e9g\u00e9rt Alap\u00edtv\u00e1ny) K\u00f6sz\u00f6nt\u0151&nbsp;\u2013 Dr. Balogh Zolt\u00e1n eln\u00f6k (Magyar Eg\u00e9szs\u00e9g\u00fcgyi Szakdolgoz\u00f3i Kamara) Hogyan v\u00e1ltozott a &hellip; <a href=\"https:\/\/szepsegesvarandossag.hu\/?page_id=1897\">Egy kattint\u00e1s ide a folytat\u00e1shoz&#8230;. <span class=\"meta-nav\">&rarr;<\/span><\/a><\/p>\n","protected":false},"author":1,"featured_media":0,"parent":0,"menu_order":0,"comment_status":"closed","ping_status":"closed","template":"","meta":[],"_links":{"self":[{"href":"https:\/\/szepsegesvarandossag.hu\/index.php?rest_route=\/wp\/v2\/pages\/1897"}],"collection":[{"href":"https:\/\/szepsegesvarandossag.hu\/index.php?rest_route=\/wp\/v2\/pages"}],"about":[{"href":"https:\/\/szepsegesvarandossag.hu\/index.php?rest_route=\/wp\/v2\/types\/page"}],"author":[{"embeddable":true,"href":"https:\/\/szepsegesvarandossag.hu\/index.php?rest_route=\/wp\/v2\/users\/1"}],"replies":[{"embeddable":true,"href":"https:\/\/szepsegesvarandossag.hu\/index.php?rest_route=%2Fwp%2Fv2%2Fcomments&post=1897"}],"version-history":[{"count":7,"href":"https:\/\/szepsegesvarandossag.hu\/index.php?rest_route=\/wp\/v2\/pages\/1897\/revisions"}],"predecessor-version":[{"id":2011,"href":"https:\/\/szepsegesvarandossag.hu\/index.php?rest_route=\/wp\/v2\/pages\/1897\/revisions\/2011"}],"wp:attachment":[{"href":"https:\/\/szepsegesvarandossag.hu\/index.php?rest_route=%2Fwp%2Fv2%2Fmedia&parent=1897"}],"curies":[{"name":"wp","href":"https:\/\/api.w.org\/{rel}","templated":true}]}}