{"id":154,"date":"2020-09-18T12:58:13","date_gmt":"2020-09-18T12:58:13","guid":{"rendered":"https:\/\/szepsegesvarandossag.hu\/?page_id=154"},"modified":"2024-03-18T07:33:21","modified_gmt":"2024-03-18T07:33:21","slug":"az-eletminosegert-alapitvany","status":"publish","type":"page","link":"https:\/\/szepsegesvarandossag.hu\/?page_id=154","title":{"rendered":"Az \u00c9letmin\u0151s\u00e9g\u00e9rt Alap\u00edtv\u00e1ny"},"content":{"rendered":"\n<p>Az \u00c9letmin\u0151s\u00e9g\u00e9rt Alap\u00edtv\u00e1nyunk 2014-ben azzal a c\u00e9llal alapult, hogy&nbsp;oktat\u00f3, tan\u00e1csad\u00f3&nbsp;programjaival seg\u00edtse a csal\u00e1dokat eg\u00e9szs\u00e9g\u00fcgyi probl\u00e9m\u00e1ik, gazdas\u00e1gi neh\u00e9zs\u00e9geik eset\u00e9ben. A hazai eg\u00e9szs\u00e9g\u00fcgy \u00e9s szoci\u00e1lis h\u00e1l\u00f3 v\u00e1ltoz\u00e1sban van, \u00edgy hi\u00e1nyp\u00f3tl\u00f3 szerepet t\u00f6lt\u00fcnk be a magyar csal\u00e1dok gondjainak megold\u00e1s\u00e1ban. C\u00e9ljainkat oktat\u00f3 rendezv\u00e9nyeink \u00e9s kiadv\u00e1nyaink seg\u00edts\u00e9g\u00e9vel val\u00f3s\u00edtjuk meg, melyeket a lehet\u0151 legsz\u00e9lesebb k\u00f6rben k\u00edv\u00e1nunk terjeszteni. A Covid-19 j\u00e1rv\u00e1ny okozta korl\u00e1toz\u00e1sok miatt a csal\u00e1doknak seg\u00edts\u00e9get ny\u00fajthattunk a nem szem\u00e9lyes tal\u00e1lkoz\u00e1son alapul\u00f3, internet fel\u00fcletre kihelyezett tan\u00e1csad\u00f3 programjainkkal is, mint p\u00e9ld\u00e1ul a Sz\u00e9ps\u00e9ges V\u00e1rand\u00f3ss\u00e1g 2020. \u00e9s 2021. Webkonferencia.   <\/p>\n\n\n\n<h1>Az alap\u00edtv\u00e1ny adatai<\/h1>\n\n\n\n<p><strong>Megnevez\u00e9s:<\/strong>&nbsp;Az \u00c9letmin\u0151s\u00e9g\u00e9rt Alap\u00edtv\u00e1ny<\/p>\n\n\n\n<p><strong>Alap\u00edt\u00e1s \u00e9ve:<\/strong>&nbsp;2014<\/p>\n\n\n\n<p><strong>Sz\u00e9khely:<\/strong>&nbsp;2095 Pilissz\u00e1nt\u00f3, Kossuth Lajos u. 159.<\/p>\n\n\n\n<p><strong>Nyilv\u00e1ntart\u00e1si sz\u00e1m:<\/strong>&nbsp;13-01-0003616<\/p>\n\n\n\n<p><strong>Ad\u00f3sz\u00e1m:<\/strong>\u00a018521023-2-13<\/p>\n\n\n\n<p><strong>C\u00e9l szerinti besorol\u00e1sa:<\/strong>&nbsp;szoci\u00e1lis tev\u00e9kenys\u00e9g<\/p>\n\n\n\n<p><strong>Banksz\u00e1mla sz\u00e1m:<\/strong>&nbsp;10409015-50526688-89781007<\/p>\n\n\n\n<p><strong>C\u00e9l szerinti le\u00edr\u00e1s:<\/strong><\/p>\n\n\n\n<p>V\u00e1rand\u00f3s anyuk\u00e1k, kismam\u00e1k, kisgyerekes sz\u00fcl\u0151k, csal\u00e1dok, menopauz\u00e1s h\u00f6lgyek t\u00e1j\u00e9koztat\u00e1sa \u00e9s felvil\u00e1gos\u00edt\u00e1sa az eg\u00e9szs\u00e9ges \u00e9letm\u00f3dr\u00f3l \u00e9s az eg\u00e9szs\u00e9ges t\u00e1pl\u00e1lkoz\u00e1sr\u00f3l<\/p>\n\n\n\n<p>Az eg\u00e9szs\u00e9ges \u00e9letm\u00f3d \u00e9s t\u00e1pl\u00e1lkoz\u00e1s t\u00e9mak\u00f6r\u00e9ben kiadv\u00e1nyok szerkeszt\u00e9se \u00e9s kiad\u00e1sa<\/p>\n\n\n\n<p>Sz\u00e9les koroszt\u00e1lyt megsz\u00f3l\u00edt\u00f3, k\u00fcl\u00f6nb\u00f6z\u0151 programok, rendezv\u00e9nyek szervez\u00e9se<\/p>\n\n\n\n<p>Term\u00e9kmint\u00e1kkal a v\u00e1laszt\u00e1s lehet\u0151s\u00e9g\u00e9re t\u00f6rt\u00e9n\u0151 figyelemfelh\u00edv\u00e1s az eg\u00e9szs\u00e9ges \u00e9letm\u00f3dra \u00e9s eg\u00e9szs\u00e9ges t\u00e1pl\u00e1lkoz\u00e1sra nevel\u00e9s<\/p>\n\n\n\n<p>A csal\u00e1d k\u00f6zponti szerep\u00e9nek a hangs\u00falyoz\u00e1sa<\/p>\n\n\n\n<p>A megel\u0151z\u00e9s fontoss\u00e1ga melletti kamp\u00e1nyol\u00e1s eg\u00e9szs\u00e9gnapok, sz\u0171r\u0151vizsg\u00e1latok szervez\u00e9se<\/p>\n\n\n\n<p>Vil\u00e1gnapok rendezv\u00e9nyeihez csatlakoz\u00e1s, azokon akt\u00edv r\u00e9szv\u00e9tel<\/p>\n\n\n\n<p>Az \u00f6ngondoskod\u00e1s \u00e9s a felel\u0151ss\u00e9gteljes, eg\u00e9szs\u00e9gtudatos gondolkod\u00e1s \u00e9s a felel\u0151ss\u00e9gteljes, eg\u00e9szs\u00e9gtudatos gondolkod\u00e1s n\u00e9pszer\u0171s\u00edt\u00e9se \u00e9s sz\u00e9lesk\u00f6r\u0171 ismertet\u00e9se<\/p>\n","protected":false},"excerpt":{"rendered":"<p>Az \u00c9letmin\u0151s\u00e9g\u00e9rt Alap\u00edtv\u00e1nyunk 2014-ben azzal a c\u00e9llal alapult, hogy&nbsp;oktat\u00f3, tan\u00e1csad\u00f3&nbsp;programjaival seg\u00edtse a csal\u00e1dokat eg\u00e9szs\u00e9g\u00fcgyi probl\u00e9m\u00e1ik, gazdas\u00e1gi neh\u00e9zs\u00e9geik eset\u00e9ben. A hazai eg\u00e9szs\u00e9g\u00fcgy \u00e9s szoci\u00e1lis h\u00e1l\u00f3 v\u00e1ltoz\u00e1sban van, \u00edgy hi\u00e1nyp\u00f3tl\u00f3 szerepet t\u00f6lt\u00fcnk be a magyar csal\u00e1dok gondjainak megold\u00e1s\u00e1ban. C\u00e9ljainkat oktat\u00f3 rendezv\u00e9nyeink \u00e9s &hellip; <a href=\"https:\/\/szepsegesvarandossag.hu\/?page_id=154\">Egy kattint\u00e1s ide a folytat\u00e1shoz&#8230;. <span class=\"meta-nav\">&rarr;<\/span><\/a><\/p>\n","protected":false},"author":1,"featured_media":0,"parent":0,"menu_order":0,"comment_status":"closed","ping_status":"closed","template":"","meta":[],"_links":{"self":[{"href":"https:\/\/szepsegesvarandossag.hu\/index.php?rest_route=\/wp\/v2\/pages\/154"}],"collection":[{"href":"https:\/\/szepsegesvarandossag.hu\/index.php?rest_route=\/wp\/v2\/pages"}],"about":[{"href":"https:\/\/szepsegesvarandossag.hu\/index.php?rest_route=\/wp\/v2\/types\/page"}],"author":[{"embeddable":true,"href":"https:\/\/szepsegesvarandossag.hu\/index.php?rest_route=\/wp\/v2\/users\/1"}],"replies":[{"embeddable":true,"href":"https:\/\/szepsegesvarandossag.hu\/index.php?rest_route=%2Fwp%2Fv2%2Fcomments&post=154"}],"version-history":[{"count":9,"href":"https:\/\/szepsegesvarandossag.hu\/index.php?rest_route=\/wp\/v2\/pages\/154\/revisions"}],"predecessor-version":[{"id":2130,"href":"https:\/\/szepsegesvarandossag.hu\/index.php?rest_route=\/wp\/v2\/pages\/154\/revisions\/2130"}],"wp:attachment":[{"href":"https:\/\/szepsegesvarandossag.hu\/index.php?rest_route=%2Fwp%2Fv2%2Fmedia&parent=154"}],"curies":[{"name":"wp","href":"https:\/\/api.w.org\/{rel}","templated":true}]}}