{"id":135,"date":"2020-09-18T12:24:27","date_gmt":"2020-09-18T12:24:27","guid":{"rendered":"https:\/\/szepsegesvarandossag.hu\/?page_id=135"},"modified":"2022-07-20T06:58:12","modified_gmt":"2022-07-20T06:58:12","slug":"kovetkezo-rendezveny","status":"publish","type":"page","link":"https:\/\/szepsegesvarandossag.hu\/?page_id=135","title":{"rendered":"SZ\u00c9PS\u00c9GES V\u00c1RAND\u00d3SS\u00c1G 2022."},"content":{"rendered":"\n<p><strong>Helysz\u00edn: Lurdy Konferencia-\u00e9s Rendezv\u00e9ny K\u00f6zpont 4. terem; Id\u0151pont: 2022. m\u00e1jus 20.<\/strong><\/p>\n\n\n\n<p>A konferenci\u00e1n szem\u00e9lyes r\u00e9szv\u00e9tellel a kismam\u00e1k is r\u00e9szt vettek.<\/p>\n\n\n\n<p class=\"has-text-align-left\"><a href=\"https:\/\/szepsegesvarandossag.hu\/wp-content\/uploads\/2020\/10\/FeherE.mp4\"><strong>Megnyit\u00f3 el\u0151ad\u00e1s: A v\u00e9d\u0151n\u0151 \u00e9s a csal\u00e1d<\/strong> <\/a>                                                                                                                                       Feh\u00e9r Erika v\u00e9d\u0151n\u0151i referens (Nemzeti N\u00e9peg\u00e9szs\u00e9g\u00fcgyi K\u00f6zpont)<\/p>\n\n\n\n<div class=\"wp-block-image is-style-default\"><figure class=\"aligncenter size-large is-resized\"><a href=\"https:\/\/szepsegesvarandossag.hu\/wp-content\/uploads\/2020\/10\/FeherE.mp4\"><img loading=\"lazy\" src=\"https:\/\/szepsegesvarandossag.hu\/wp-content\/uploads\/2022\/07\/FE-1.jpg\" alt=\"\" class=\"wp-image-2006\" width=\"157\" height=\"168\" srcset=\"https:\/\/szepsegesvarandossag.hu\/wp-content\/uploads\/2022\/07\/FE-1.jpg 896w, https:\/\/szepsegesvarandossag.hu\/wp-content\/uploads\/2022\/07\/FE-1-279x300.jpg 279w, https:\/\/szepsegesvarandossag.hu\/wp-content\/uploads\/2022\/07\/FE-1-768x825.jpg 768w\" sizes=\"(max-width: 157px) 100vw, 157px\" \/><\/a><\/figure><\/div>\n\n\n\n<p><strong><a href=\"https:\/\/szepsegesvarandossag.hu\/wp-content\/uploads\/2020\/10\/TomaA.mp4\">Ha s\u00edr a baba, no para! A hazai megr\u00e1zott baba  kutat\u00e1s bemutat\u00e1sa<\/a>.                <\/strong>     Tom\u00e1n\u00e9 M\u00e9sz\u00e1ros Andrea v\u00e9d\u0151n\u0151 (Heim P\u00e1l Orsz\u00e1gos Gyermekgy\u00f3gy\u00e1szati Int\u00e9zm\u00e9ny)<\/p>\n\n\n\n<div class=\"wp-block-image is-style-default\"><figure class=\"aligncenter size-large is-resized\"><a href=\"https:\/\/szepsegesvarandossag.hu\/wp-content\/uploads\/2020\/10\/TomaA.mp4\"><img loading=\"lazy\" src=\"https:\/\/szepsegesvarandossag.hu\/wp-content\/uploads\/2022\/07\/TA-1024x903.jpg\" alt=\"\" class=\"wp-image-2013\" width=\"166\" height=\"146\" srcset=\"https:\/\/szepsegesvarandossag.hu\/wp-content\/uploads\/2022\/07\/TA-1024x903.jpg 1024w, https:\/\/szepsegesvarandossag.hu\/wp-content\/uploads\/2022\/07\/TA-300x264.jpg 300w, https:\/\/szepsegesvarandossag.hu\/wp-content\/uploads\/2022\/07\/TA-768x677.jpg 768w, https:\/\/szepsegesvarandossag.hu\/wp-content\/uploads\/2022\/07\/TA.jpg 1096w\" sizes=\"(max-width: 166px) 100vw, 166px\" \/><\/a><\/figure><\/div>\n\n\n\n<p><strong><a href=\"https:\/\/szepsegesvarandossag.hu\/wp-content\/uploads\/2020\/10\/MelczerZs.mp4\">M\u00e9hnyaksz\u0171r\u00e9s v\u00e1rand\u00f3ss\u00e1gban<\/a> <\/strong>                                                                                                   Dr. Melczer Zsolt PhD, MSc docens, igazgat\u00f3helyettes, r\u00e9szlegvezet\u0151, sz\u00fcl\u00e9sz-n\u0151gy\u00f3gy\u00e1sz (Semmelweis Egyetem, Sz\u00fcl\u00e9szeti \u00e9s N\u0151gy\u00f3gy\u00e1szati Klinika, Baross utcai r\u00e9szleg)<\/p>\n\n\n\n<p> <\/p>\n\n\n\n<div class=\"wp-block-image is-style-default\"><figure class=\"aligncenter size-large is-resized\"><a href=\"https:\/\/szepsegesvarandossag.hu\/wp-content\/uploads\/2020\/10\/MelczerZs.mp4\"><img loading=\"lazy\" src=\"https:\/\/szepsegesvarandossag.hu\/wp-content\/uploads\/2022\/07\/MZS2-972x1024.jpg\" alt=\"\" class=\"wp-image-2016\" width=\"162\" height=\"170\" srcset=\"https:\/\/szepsegesvarandossag.hu\/wp-content\/uploads\/2022\/07\/MZS2-972x1024.jpg 972w, https:\/\/szepsegesvarandossag.hu\/wp-content\/uploads\/2022\/07\/MZS2-285x300.jpg 285w, https:\/\/szepsegesvarandossag.hu\/wp-content\/uploads\/2022\/07\/MZS2-768x809.jpg 768w, https:\/\/szepsegesvarandossag.hu\/wp-content\/uploads\/2022\/07\/MZS2.jpg 1092w\" sizes=\"(max-width: 162px) 100vw, 162px\" \/><\/a><\/figure><\/div>\n\n\n\n<p><a href=\"https:\/\/szepsegesvarandossag.hu\/wp-content\/uploads\/2020\/10\/CsetnekiJ.mp4\"><strong>Te is szoptass!<\/strong><\/a>                                                                                                                                 Csetneki Julianna sz\u00fcl\u00e9szn\u0151, eln\u00f6k (Magyar \u00c1pol\u00e1si Egyes\u00fclet Sz\u00fcl\u00e9szn\u0151i Szekci\u00f3)                     <strong>Az el\u0151ad\u00e1st k\u00f6vet\u0151en a rendezv\u00e9ny teljes idej\u00e9ben szoptat\u00e1si tan\u00e1csad\u00e1s a helysz\u00ednen.<\/strong><\/p>\n\n\n\n<div class=\"wp-block-image is-style-default\"><figure class=\"aligncenter size-large is-resized\"><a href=\"https:\/\/szepsegesvarandossag.hu\/wp-content\/uploads\/2020\/10\/CsetnekiJ.mp4\"><img loading=\"lazy\" src=\"https:\/\/szepsegesvarandossag.hu\/wp-content\/uploads\/2022\/07\/csj2.jpg\" alt=\"\" class=\"wp-image-2019\" width=\"167\" height=\"181\" srcset=\"https:\/\/szepsegesvarandossag.hu\/wp-content\/uploads\/2022\/07\/csj2.jpg 846w, https:\/\/szepsegesvarandossag.hu\/wp-content\/uploads\/2022\/07\/csj2-277x300.jpg 277w, https:\/\/szepsegesvarandossag.hu\/wp-content\/uploads\/2022\/07\/csj2-768x832.jpg 768w\" sizes=\"(max-width: 167px) 100vw, 167px\" \/><\/a><\/figure><\/div>\n\n\n\n<p><a href=\"https:\/\/szepsegesvarandossag.hu\/wp-content\/uploads\/2020\/10\/TorokM.mp4\"><strong>Sz\u00fcl\u00e9szeti t\u00e1vgy\u00f3gy\u00e1szati szolg\u00e1ltat\u00e1s sikeres eredm\u00e9nyei <\/strong>  <\/a>                                         Prof. Dr. T\u00f6r\u00f6k Mikl\u00f3s ny.d. f\u0151orvos, tansz\u00e9kvezet\u0151 (Magyar Honv\u00e9ds\u00e9g Eg\u00e9szs\u00e9g\u00fcgyi K\u00f6zpont, Sz\u00fcl\u00e9szeti-N\u0151gy\u00f3gy\u00e1szati Oszt\u00e1ly) <\/p>\n\n\n\n<div class=\"wp-block-image is-style-default\"><figure class=\"aligncenter size-large is-resized\"><a href=\"https:\/\/szepsegesvarandossag.hu\/wp-content\/uploads\/2020\/10\/TorokM.mp4\"><img loading=\"lazy\" src=\"https:\/\/szepsegesvarandossag.hu\/wp-content\/uploads\/2022\/07\/TM-894x1024.jpg\" alt=\"\" class=\"wp-image-2022\" width=\"163\" height=\"187\" srcset=\"https:\/\/szepsegesvarandossag.hu\/wp-content\/uploads\/2022\/07\/TM-894x1024.jpg 894w, https:\/\/szepsegesvarandossag.hu\/wp-content\/uploads\/2022\/07\/TM-262x300.jpg 262w, https:\/\/szepsegesvarandossag.hu\/wp-content\/uploads\/2022\/07\/TM-768x879.jpg 768w, https:\/\/szepsegesvarandossag.hu\/wp-content\/uploads\/2022\/07\/TM.jpg 1324w\" sizes=\"(max-width: 163px) 100vw, 163px\" \/><\/a><\/figure><\/div>\n\n\n\n<p><strong><a href=\"https:\/\/szepsegesvarandossag.hu\/wp-content\/uploads\/2020\/10\/AdamZs.mp4\">Term\u00e9szetes sz\u00fcl\u00e9s vagy cs\u00e1sz\u00e1r sz\u00fcl\u00e9s?<\/a><\/strong>                                                                                     Dr. \u00c1d\u00e1m Zsolt sz\u00fcl\u00e9sz-n\u0151gy\u00f3gy\u00e1sz (Szent Imre Egyetemi Oktat\u00f3 K\u00f3rh\u00e1z)<\/p>\n\n\n\n<div class=\"wp-block-image is-style-default\"><figure class=\"aligncenter size-large is-resized\"><a href=\"https:\/\/szepsegesvarandossag.hu\/wp-content\/uploads\/2020\/10\/AdamZs.mp4\"><img loading=\"lazy\" src=\"https:\/\/szepsegesvarandossag.hu\/wp-content\/uploads\/2022\/07\/AZS.jpg\" alt=\"\" class=\"wp-image-2025\" width=\"170\" height=\"157\" srcset=\"https:\/\/szepsegesvarandossag.hu\/wp-content\/uploads\/2022\/07\/AZS.jpg 904w, https:\/\/szepsegesvarandossag.hu\/wp-content\/uploads\/2022\/07\/AZS-300x277.jpg 300w, https:\/\/szepsegesvarandossag.hu\/wp-content\/uploads\/2022\/07\/AZS-768x709.jpg 768w\" sizes=\"(max-width: 170px) 100vw, 170px\" \/><\/a><\/figure><\/div>\n\n\n\n<p><a href=\"https:\/\/szepsegesvarandossag.hu\/wp-content\/uploads\/2020\/10\/DioM.mp4\"><strong>T\u00e9nyleg ennyi a gyerek l\u00e1za?<\/strong><\/a>                                                                                                            Dr. Di\u00f3 Mih\u00e1ly adjunktus, klinikai m\u00e9rn\u00f6k, eg\u00e9szs\u00e9g\u00fcgyi szaktan\u00e1r (Semmelweis Egyetem, ETK, K\u00e9palkot\u00f3 Diagnosztikai Analitikus \u00e9s Orvostechnikai Tansz\u00e9k)<\/p>\n\n\n\n<div class=\"wp-block-image is-style-default\"><figure class=\"aligncenter size-large is-resized\"><a href=\"https:\/\/szepsegesvarandossag.hu\/wp-content\/uploads\/2020\/10\/DioM.mp4\"><img loading=\"lazy\" src=\"https:\/\/szepsegesvarandossag.hu\/wp-content\/uploads\/2022\/07\/dm-1-1024x921.jpg\" alt=\"\" class=\"wp-image-2032\" width=\"179\" height=\"161\" srcset=\"https:\/\/szepsegesvarandossag.hu\/wp-content\/uploads\/2022\/07\/dm-1-1024x921.jpg 1024w, https:\/\/szepsegesvarandossag.hu\/wp-content\/uploads\/2022\/07\/dm-1-300x270.jpg 300w, https:\/\/szepsegesvarandossag.hu\/wp-content\/uploads\/2022\/07\/dm-1-768x691.jpg 768w, https:\/\/szepsegesvarandossag.hu\/wp-content\/uploads\/2022\/07\/dm-1-1536x1382.jpg 1536w, https:\/\/szepsegesvarandossag.hu\/wp-content\/uploads\/2022\/07\/dm-1.jpg 1658w\" sizes=\"(max-width: 179px) 100vw, 179px\" \/><\/a><\/figure><\/div>\n\n\n\n<p><\/p>\n","protected":false},"excerpt":{"rendered":"<p>Helysz\u00edn: Lurdy Konferencia-\u00e9s Rendezv\u00e9ny K\u00f6zpont 4. terem; Id\u0151pont: 2022. m\u00e1jus 20. A konferenci\u00e1n szem\u00e9lyes r\u00e9szv\u00e9tellel a kismam\u00e1k is r\u00e9szt vettek. Megnyit\u00f3 el\u0151ad\u00e1s: A v\u00e9d\u0151n\u0151 \u00e9s a csal\u00e1d Feh\u00e9r Erika v\u00e9d\u0151n\u0151i referens (Nemzeti N\u00e9peg\u00e9szs\u00e9g\u00fcgyi K\u00f6zpont) Ha s\u00edr a baba, no para! &hellip; <a href=\"https:\/\/szepsegesvarandossag.hu\/?page_id=135\">Egy kattint\u00e1s ide a folytat\u00e1shoz&#8230;. <span class=\"meta-nav\">&rarr;<\/span><\/a><\/p>\n","protected":false},"author":1,"featured_media":0,"parent":0,"menu_order":0,"comment_status":"closed","ping_status":"closed","template":"","meta":[],"_links":{"self":[{"href":"https:\/\/szepsegesvarandossag.hu\/index.php?rest_route=\/wp\/v2\/pages\/135"}],"collection":[{"href":"https:\/\/szepsegesvarandossag.hu\/index.php?rest_route=\/wp\/v2\/pages"}],"about":[{"href":"https:\/\/szepsegesvarandossag.hu\/index.php?rest_route=\/wp\/v2\/types\/page"}],"author":[{"embeddable":true,"href":"https:\/\/szepsegesvarandossag.hu\/index.php?rest_route=\/wp\/v2\/users\/1"}],"replies":[{"embeddable":true,"href":"https:\/\/szepsegesvarandossag.hu\/index.php?rest_route=%2Fwp%2Fv2%2Fcomments&post=135"}],"version-history":[{"count":53,"href":"https:\/\/szepsegesvarandossag.hu\/index.php?rest_route=\/wp\/v2\/pages\/135\/revisions"}],"predecessor-version":[{"id":2035,"href":"https:\/\/szepsegesvarandossag.hu\/index.php?rest_route=\/wp\/v2\/pages\/135\/revisions\/2035"}],"wp:attachment":[{"href":"https:\/\/szepsegesvarandossag.hu\/index.php?rest_route=%2Fwp%2Fv2%2Fmedia&parent=135"}],"curies":[{"name":"wp","href":"https:\/\/api.w.org\/{rel}","templated":true}]}}